{"id":212,"date":"2023-12-17T00:28:20","date_gmt":"2023-12-16T15:28:20","guid":{"rendered":"https:\/\/pastelism.jp\/watercolor\/?page_id=212"},"modified":"2023-12-17T00:44:08","modified_gmt":"2023-12-16T15:44:08","slug":"contact","status":"publish","type":"page","link":"https:\/\/pastelism.jp\/watercolor\/contact\/","title":{"rendered":"Contact"},"content":{"rendered":"\n<div class=\"wp-block-contact-form-7-contact-form-selector\">\n<div class=\"wpcf7 no-js\" id=\"wpcf7-f91-o1\" lang=\"ja\" dir=\"ltr\" data-wpcf7-id=\"91\">\n<div class=\"screen-reader-response\"><p role=\"status\" aria-live=\"polite\" aria-atomic=\"true\"><\/p> <ul><\/ul><\/div>\n<form action=\"\/watercolor\/wp-json\/wp\/v2\/pages\/212#wpcf7-f91-o1\" method=\"post\" class=\"wpcf7-form init\" aria-label=\"\u30b3\u30f3\u30bf\u30af\u30c8\u30d5\u30a9\u30fc\u30e0\" novalidate=\"novalidate\" data-status=\"init\">\n<fieldset class=\"hidden-fields-container\"><input type=\"hidden\" name=\"_wpcf7\" value=\"91\" \/><input type=\"hidden\" name=\"_wpcf7_version\" value=\"6.1.3\" \/><input type=\"hidden\" name=\"_wpcf7_locale\" value=\"ja\" \/><input type=\"hidden\" name=\"_wpcf7_unit_tag\" value=\"wpcf7-f91-o1\" \/><input type=\"hidden\" name=\"_wpcf7_container_post\" value=\"0\" \/><input type=\"hidden\" name=\"_wpcf7_posted_data_hash\" value=\"\" \/><input type=\"hidden\" name=\"_wpcf7_recaptcha_response\" value=\"\" \/>\n<\/fieldset>\n<table class=\"cf7-seminar\">\n\t<th>\n\t\t<p><span class=\"cf7-req\">\u5fc5\u9808<\/span>\u304a\u540d\u524d\n\t\t<\/p>\n\t<\/th>\n\t<td>\n\t\t<p><span class=\"wpcf7-form-control-wrap\" data-name=\"your-name\"><input size=\"40\" maxlength=\"400\" class=\"wpcf7-form-control wpcf7-text wpcf7-validates-as-required\" aria-required=\"true\" aria-invalid=\"false\" placeholder=\"\u4f8b\uff1a\u6c34\u4e43\u5f69\u5b50\" value=\"\" type=\"text\" name=\"your-name\" \/><\/span>\n\t\t<\/p>\n\t<\/td>\n\t<tr>\n\t\t<th>\n\t\t\t<p><span class=\"cf7-req\">\u5fc5\u9808<\/span>\u30e1\u30fc\u30eb\u30a2\u30c9\u30ec\u30b9\n\t\t\t<\/p>\n\t\t<\/th>\n\t\t<td>\n\t\t\t<p><span class=\"wpcf7-form-control-wrap\" data-name=\"your-email\"><input size=\"40\" maxlength=\"400\" class=\"wpcf7-form-control wpcf7-email wpcf7-validates-as-required wpcf7-text wpcf7-validates-as-email\" aria-required=\"true\" aria-invalid=\"false\" placeholder=\"\u4f8b\uff1a\u00d7\u00d7\u00d7@\u00d7\u00d7\u00d7.com\" value=\"\" type=\"email\" name=\"your-email\" \/><\/span>\n\t\t\t<\/p>\n\t\t<\/td>\n\t<\/tr>\n\t<tr>\n\t\t<th>\n\t\t\t<p><span class=\"cf7-req\">\u5fc5\u9808<\/span><span>\u304a\u554f\u5408\u305b\u5185\u5bb9<\/span>\n\t\t\t<\/p>\n\t\t<\/th>\n\t\t<td>\n\t\t\t<p><span class=\"wpcf7-form-control-wrap\" data-name=\"dpmenu\"><select class=\"wpcf7-form-control wpcf7-select wpcf7-validates-as-required drop\" aria-required=\"true\" aria-invalid=\"false\" name=\"dpmenu\"><option value=\"\">&#8212;\u4ee5\u4e0b\u304b\u3089\u9078\u629e\u3057\u3066\u304f\u3060\u3055\u3044&#8212;<\/option><option value=\"\u4f5c\u54c1\u306e\u8cfc\u5165\u5e0c\u671b\">\u4f5c\u54c1\u306e\u8cfc\u5165\u5e0c\u671b<\/option><option value=\"\u305d\u306e\u4ed6\">\u305d\u306e\u4ed6<\/option><\/select><\/span>\n\t\t\t<\/p>\n\t\t<\/td>\n\t<\/tr>\n\t<tr>\n\t\t<th>\n\t\t\t<p><span class=\"cf7-unreq\">\u4efb\u610f<\/span>\u30e1\u30c3\u30bb\u30fc\u30b8\n\t\t\t<\/p>\n\t\t<\/th>\n\t\t<td class=\"message-100\">\n\t\t\t<p><span class=\"wpcf7-form-control-wrap\" data-name=\"your-message\"><textarea cols=\"40\" rows=\"10\" maxlength=\"2000\" class=\"wpcf7-form-control wpcf7-textarea\" aria-invalid=\"false\" placeholder=\"\u203b\u30e1\u30c3\u30bb\u30fc\u30b8\u306e\u3042\u308b\u65b9\u306f\u3054\u8a18\u5165\u304f\u3060\u3055\u3044\" name=\"your-message\"><\/textarea><\/span>\n\t\t\t<\/p>\n\t\t<\/td>\n\t<\/tr>\n<\/table>\n<p class=\"cf7-btn\"><input class=\"wpcf7-form-control wpcf7-submit has-spinner\" type=\"submit\" value=\"\u9001\u4fe1\u3059\u308b\" \/>\n<\/p><div class=\"wpcf7-response-output\" aria-hidden=\"true\"><\/div>\n<\/form>\n<\/div>\n<\/div>\n\n\n\n<div style=\"height:208px\" aria-hidden=\"true\" class=\"wp-block-spacer\"><\/div>\n\n\n<p style=\"text-align: center;\"><span style=\"font-size: 8pt;\">This site is protected by reCAPTCHA and the Google <a href=\"\u201dhttps:\/\/policies.google.com\/privacy\u201d\">Privacy Policy<\/a> and <a href=\"\u201dhttps:\/\/policies.google.com\/terms\u201d\">Terms of Service<\/a> apply.<\/span><\/p>","protected":false},"excerpt":{"rendered":"<p>This site is protected by re&#8230;<\/p>\n","protected":false},"author":1,"featured_media":0,"parent":0,"menu_order":0,"comment_status":"closed","ping_status":"closed","template":"","meta":{"footnotes":""},"class_list":["post-212","page","type-page","status-publish","hentry"],"_links":{"self":[{"href":"https:\/\/pastelism.jp\/watercolor\/wp-json\/wp\/v2\/pages\/212","targetHints":{"allow":["GET"]}}],"collection":[{"href":"https:\/\/pastelism.jp\/watercolor\/wp-json\/wp\/v2\/pages"}],"about":[{"href":"https:\/\/pastelism.jp\/watercolor\/wp-json\/wp\/v2\/types\/page"}],"author":[{"embeddable":true,"href":"https:\/\/pastelism.jp\/watercolor\/wp-json\/wp\/v2\/users\/1"}],"replies":[{"embeddable":true,"href":"https:\/\/pastelism.jp\/watercolor\/wp-json\/wp\/v2\/comments?post=212"}],"version-history":[{"count":6,"href":"https:\/\/pastelism.jp\/watercolor\/wp-json\/wp\/v2\/pages\/212\/revisions"}],"predecessor-version":[{"id":222,"href":"https:\/\/pastelism.jp\/watercolor\/wp-json\/wp\/v2\/pages\/212\/revisions\/222"}],"wp:attachment":[{"href":"https:\/\/pastelism.jp\/watercolor\/wp-json\/wp\/v2\/media?parent=212"}],"curies":[{"name":"wp","href":"https:\/\/api.w.org\/{rel}","templated":true}]}}